{"id":18092,"date":"2022-06-03T07:40:58","date_gmt":"2022-06-03T07:40:58","guid":{"rendered":"https:\/\/inanogullari.com\/?page_id=18092"},"modified":"2022-06-03T07:47:09","modified_gmt":"2022-06-03T07:47:09","slug":"teklif-iste","status":"publish","type":"page","link":"https:\/\/inanogullari.com\/?page_id=18092","title":{"rendered":"Teklif \u0130ste"},"content":{"rendered":"\r\n<div class=\"wp-block-contact-form-7-contact-form-selector\">\n<div class=\"wpcf7 no-js\" id=\"wpcf7-f12-o1\" lang=\"tr-TR\" dir=\"ltr\" data-wpcf7-id=\"12\">\n<div class=\"screen-reader-response\"><p role=\"status\" aria-live=\"polite\" aria-atomic=\"true\"><\/p> <ul><\/ul><\/div>\n<form action=\"\/index.php?rest_route=%2Fwp%2Fv2%2Fpages%2F18092#wpcf7-f12-o1\" method=\"post\" class=\"wpcf7-form init mailchimp-ext-0.4.50\" aria-label=\"\u0130leti\u015fim Formu\" novalidate=\"novalidate\" data-status=\"init\">\n<fieldset class=\"hidden-fields-container\"><input type=\"hidden\" name=\"_wpcf7\" value=\"12\" \/><input type=\"hidden\" name=\"_wpcf7_version\" value=\"6.1.5\" \/><input type=\"hidden\" name=\"_wpcf7_locale\" value=\"tr_TR\" \/><input type=\"hidden\" name=\"_wpcf7_unit_tag\" value=\"wpcf7-f12-o1\" \/><input type=\"hidden\" name=\"_wpcf7_container_post\" value=\"0\" \/><input type=\"hidden\" name=\"_wpcf7_posted_data_hash\" value=\"\" \/>\n<\/fieldset>\n<p><label> Ad\u0131n\u0131z<br \/>\n<span class=\"wpcf7-form-control-wrap adiniz km_cf7-input-container \">     \n      <input size=\"40\" class=\"wpcf7-form-control wpcf7-text wpcf7-validates-as-required km_cf7-input\" id=\"kmcf7-adinizwjU3PzWZ\" aria-required=\"true\" aria-invalid=\"false\" value=\"\" type=\"text\" name=\"adiniz\" onfocus=\"km_cf7_designer_focus(this)\" onblur=\"km_cf7_designer_blur()\"\/>\n      <label class=\"km_cf7-label\" for=\"kmcf7-adinizwjU3PzWZ\" data-content=\"adiniz\">\n        <span class=\"km_cf7_label-content\" data-content=\"adiniz\">adiniz<\/span>\n      <\/label>\n      \n    <\/span> <\/label>\n<\/p>\n<p><label> Telefonunuz<br \/>\n<span class=\"wpcf7-form-control-wrap telefonunuz km_cf7-input-container \">     \n      <input size=\"40\" class=\"wpcf7-form-control wpcf7-tel wpcf7-validates-as-required wpcf7-text wpcf7-validates-as-tel km_cf7-input\" id=\"kmcf7-telefonunuzuSzQyKWG\" aria-required=\"true\" aria-invalid=\"false\" value=\"\" type=\"tel\" name=\"telefonunuz\" onfocus=\"km_cf7_designer_focus(this)\" onblur=\"km_cf7_designer_blur()\"\/>\n      <label class=\"km_cf7-label\" for=\"kmcf7-telefonunuzuSzQyKWG\" data-content=\"telefonunuz\">\n        <span class=\"km_cf7_label-content\" data-content=\"telefonunuz\">telefonunuz<\/span>\n      <\/label>\n      \n    <\/span> <\/label>\n<\/p>\n<p><label> Y\u0131k\u0131lacak alan\u0131n m2'si<br \/>\n<span class=\"wpcf7-form-control-wrap xxx km_cf7-input-container \">     \n      <input size=\"40\" class=\"wpcf7-form-control wpcf7-text km_cf7-input\" id=\"kmcf7-xxx9MaeUguC\" aria-invalid=\"false\" value=\"\" type=\"text\" name=\"xxx\" onfocus=\"km_cf7_designer_focus(this)\" onblur=\"km_cf7_designer_blur()\"\/>\n      <label class=\"km_cf7-label\" for=\"kmcf7-xxx9MaeUguC\" data-content=\"xxx\">\n        <span class=\"km_cf7_label-content\" data-content=\"xxx\">xxx<\/span>\n      <\/label>\n      \n    <\/span> <\/label>\n<\/p>\n<p><label> Adresi<br \/>\n<span class=\"wpcf7-form-control-wrap adresiniz km_cf7-input-container \">     \n      <input size=\"40\" class=\"wpcf7-form-control wpcf7-text km_cf7-input\" id=\"kmcf7-adresinizkfjp5yum\" aria-invalid=\"false\" value=\"\" type=\"text\" name=\"adresiniz\" onfocus=\"km_cf7_designer_focus(this)\" onblur=\"km_cf7_designer_blur()\"\/>\n      <label class=\"km_cf7-label\" for=\"kmcf7-adresinizkfjp5yum\" data-content=\"adresiniz\">\n        <span class=\"km_cf7_label-content\" data-content=\"adresiniz\">adresiniz<\/span>\n      <\/label>\n      \n    <\/span> <\/label>\n<\/p>\n<p><label> Mesaj\u0131n\u0131z<br \/>\n<span class=\"wpcf7-form-control-wrap km_cf7-input-container your-message km_cf7-textarea-container\">\n      <textarea cols=\"40\" rows=\"10\" class=\"wpcf7-form-control wpcf7-textarea km_cf7-input km_cf7-textarea\" id=\"kmcf7-your-messageGDAao0sy\" aria-invalid=\"false\" name=\"your-message\" onfocus=\"km_cf7_designer_focus(this)\" onblur=\"km_cf7_designer_blur()\"><\/textarea>\n      <label class=\"km_cf7-label\" for=\"kmcf7-your-messageGDAao0sy\" data-content=\"your message\">\n        <span class=\"km_cf7_label-content\" data-content=\"your message\">your message<\/span>\n      <\/label>\n      \n    <\/span> <\/label>\n<\/p>\n<div class=\"km_cf7-submit-container\">\n        <div class=\"km_cf7-submit-insider\">\n          <div class=\"km_cf7-submit-btn-txt km_cf7-btn-txt-r\">G\u00f6nder<\/div>\n          <div class=\"km_cf7-submit-btn-txt km_cf7-btn-txt-h\">G\u00f6nder<\/div>\n          <div class=\"km_cf7-btn-bg-r\"><\/div><div class=\"km_cf7-btn-bg-h\"><\/div>\n          <input class=\"wpcf7-form-control wpcf7-submit km_cf7-button\" type=\"submit\" value=\"G\u00f6nder\" \/>\n        <\/div>\n      <\/div><div class=\"wpcf7-response-output\" aria-hidden=\"true\"><\/div><p style=\"display: none !important\"><span class=\"wpcf7-form-control-wrap referer-page\"><input type=\"hidden\" name=\"referer-page\" value=\"direct visit\" class=\"wpcf7-form-control wpcf7-text referer-page\" aria-invalid=\"false\"><\/span><\/p>\n<!-- Chimpmail extension by Renzo Johnson -->\n<\/form>\n<\/div>\n<\/div>\r\n","protected":false},"excerpt":{"rendered":"Ad\u0131n\u0131z adiniz Telefonunuz telefonunuz Y\u0131k\u0131lacak alan\u0131n m2'si xxx Adresi adresiniz Mesaj\u0131n\u0131z your message G\u00f6nder G\u00f6nder","protected":false},"author":5,"featured_media":0,"parent":0,"menu_order":0,"comment_status":"closed","ping_status":"closed","template":"","meta":{"footnotes":""},"class_list":["post-18092","page","type-page","status-publish","hentry"],"_links":{"self":[{"href":"https:\/\/inanogullari.com\/index.php?rest_route=\/wp\/v2\/pages\/18092","targetHints":{"allow":["GET"]}}],"collection":[{"href":"https:\/\/inanogullari.com\/index.php?rest_route=\/wp\/v2\/pages"}],"about":[{"href":"https:\/\/inanogullari.com\/index.php?rest_route=\/wp\/v2\/types\/page"}],"author":[{"embeddable":true,"href":"https:\/\/inanogullari.com\/index.php?rest_route=\/wp\/v2\/users\/5"}],"replies":[{"embeddable":true,"href":"https:\/\/inanogullari.com\/index.php?rest_route=%2Fwp%2Fv2%2Fcomments&post=18092"}],"version-history":[{"count":2,"href":"https:\/\/inanogullari.com\/index.php?rest_route=\/wp\/v2\/pages\/18092\/revisions"}],"predecessor-version":[{"id":18095,"href":"https:\/\/inanogullari.com\/index.php?rest_route=\/wp\/v2\/pages\/18092\/revisions\/18095"}],"wp:attachment":[{"href":"https:\/\/inanogullari.com\/index.php?rest_route=%2Fwp%2Fv2%2Fmedia&parent=18092"}],"curies":[{"name":"wp","href":"https:\/\/api.w.org\/{rel}","templated":true}]}}