{"id":18032,"date":"2022-05-28T09:17:54","date_gmt":"2022-05-28T09:17:54","guid":{"rendered":"https:\/\/inanogullari.com\/?page_id=18032"},"modified":"2023-02-20T22:59:00","modified_gmt":"2023-02-20T22:59:00","slug":"abou-us-2-2","status":"publish","type":"page","link":"https:\/\/inanogullari.com\/?page_id=18032","title":{"rendered":"Projelerimiz"},"content":{"rendered":"<div class=\"wpb-content-wrapper\"><p>[vc_row][vc_column][\/vc_column][\/vc_row][vc_row full_width=&#8221;stretch_row&#8221; ppadding=&#8221;vc_row-padding-bottom&#8221; gradient_colors=&#8221;%5B%7B%7D%5D&#8221; kswr_row_top_decor_enabled=&#8221;false&#8221; kswr_row_bottom_decor_enabled=&#8221;false&#8221;][vc_column width=&#8221;1\/2&#8243;]<div class=\"km-line-sep-container\" style=\"height:2px; margin-top:30px;margin-bottom:30px;margin-left:0px;margin-right:0px; text-align:center;\" data-style=\"from-center\">\n\t\t\t\t<div class=\"km-line-sep-insider\" style=\"    float: left;margin-left: 50%;transform: translateX(-50%);width:50px; height:2px; text-align:center;\">\n\t\t\t\t\t<div class=\"km-line-sep-fill\" style=\"background-color:#dddddd;\"><\/div>\n\t\t\t\t<\/div>\n\t\t\t<\/div>[vc_gallery interval=&#8221;15&#8243; images=&#8221;18054,18053,18052,18050,18049,18048&#8243; img_size=&#8221;600&#8243; title=&#8221;Antalya Havaliman\u0131 Y\u0131k\u0131m\u0131&#8221;][\/vc_column][vc_column width=&#8221;1\/2&#8243;]<div class=\"km-line-sep-container\" style=\"height:2px; margin-top:30px;margin-bottom:30px;margin-left:0px;margin-right:0px; text-align:center;\" data-style=\"from-center\">\n\t\t\t\t<div class=\"km-line-sep-insider\" style=\"    float: left;margin-left: 50%;transform: translateX(-50%);width:50px; height:2px; text-align:center;\">\n\t\t\t\t\t<div class=\"km-line-sep-fill\" style=\"background-color:#dddddd;\"><\/div>\n\t\t\t\t<\/div>\n\t\t\t<\/div>[vc_gallery interval=&#8221;15&#8243; images=&#8221;18107,18108,18055,18056,18057&#8243; img_size=&#8221;600&#8243; title=&#8221;Bilecik \u0130nhisar Okul Y\u0131k\u0131m\u0131&#8221;][\/vc_column][\/vc_row][vc_row full_width=&#8221;stretch_row&#8221; ppadding=&#8221;vc_row-padding-bottom&#8221; gradient_colors=&#8221;%5B%7B%7D%5D&#8221; kswr_row_top_decor_enabled=&#8221;false&#8221; kswr_row_bottom_decor_enabled=&#8221;false&#8221;][vc_column width=&#8221;1\/2&#8243;]<div class=\"km-line-sep-container\" style=\"height:2px; margin-top:30px;margin-bottom:30px;margin-left:0px;margin-right:0px; text-align:center;\" data-style=\"from-center\">\n\t\t\t\t<div class=\"km-line-sep-insider\" style=\"    float: left;margin-left: 50%;transform: translateX(-50%);width:50px; height:2px; text-align:center;\">\n\t\t\t\t\t<div class=\"km-line-sep-fill\" style=\"background-color:#dddddd;\"><\/div>\n\t\t\t\t<\/div>\n\t\t\t<\/div>[vc_gallery interval=&#8221;15&#8243; images=&#8221;18058,18059,18060&#8243; img_size=&#8221;600&#8243; title=&#8221;Bolu Belediyesi Y\u0131k\u0131m&#8221;][\/vc_column][vc_column width=&#8221;1\/2&#8243;]<div class=\"km-line-sep-container\" style=\"height:2px; margin-top:30px;margin-bottom:30px;margin-left:0px;margin-right:0px; text-align:center;\" data-style=\"from-center\">\n\t\t\t\t<div class=\"km-line-sep-insider\" style=\"    float: left;margin-left: 50%;transform: translateX(-50%);width:50px; height:2px; text-align:center;\">\n\t\t\t\t\t<div class=\"km-line-sep-fill\" style=\"background-color:#dddddd;\"><\/div>\n\t\t\t\t<\/div>\n\t\t\t<\/div>[vc_gallery interval=&#8221;15&#8243; images=&#8221;18112,18113&#8243; img_size=&#8221;600&#8243; title=&#8221;Afyon Emirda\u011f Havuz Y\u0131k\u0131m\u0131&#8221;][\/vc_column][\/vc_row][vc_row full_width=&#8221;stretch_row&#8221; ppadding=&#8221;vc_row-padding-bottom&#8221; gradient_colors=&#8221;%5B%7B%7D%5D&#8221; kswr_row_top_decor_enabled=&#8221;false&#8221; kswr_row_bottom_decor_enabled=&#8221;false&#8221;][vc_column width=&#8221;1\/2&#8243;][vc_gallery interval=&#8221;15&#8243; images=&#8221;18138,18139,18140,18141,18203&#8243; img_size=&#8221;600&#8243; title=&#8221;Yozgat \u0130l \u00d6zel \u0130daresi Eski Defterdarl\u0131k Y\u0131k\u0131m\u0131&#8221;][\/vc_column][vc_column width=&#8221;1\/2&#8243;][vc_gallery interval=&#8221;15&#8243; images=&#8221;18148,18149,18150,18151&#8243; img_size=&#8221;600&#8243; title=&#8221;\u0130zmir Kentsel D\u00f6n\u00fc\u015f\u00fcm Y\u0131k\u0131m\u0131&#8221;][\/vc_column][\/vc_row][vc_row full_width=&#8221;stretch_row&#8221; ppadding=&#8221;vc_row-padding-bottom&#8221; gradient_colors=&#8221;%5B%7B%7D%5D&#8221; kswr_row_top_decor_enabled=&#8221;false&#8221; kswr_row_bottom_decor_enabled=&#8221;false&#8221;][vc_column width=&#8221;1\/2&#8243;][vc_gallery interval=&#8221;15&#8243; images=&#8221;18206,18205&#8243; img_size=&#8221;600&#8243; title=&#8221;Yaprakl\u0131 \u00c7ok programl\u0131 Anadolu Lisesi ve Pansiyon Bina Y\u0131k\u0131m\u0131&#8221;][\/vc_column][vc_column width=&#8221;1\/2&#8243;][vc_gallery interval=&#8221;15&#8243; images=&#8221;18208,18209&#8243; img_size=&#8221;600&#8243; title=&#8221;Ilgaz Atat\u00fcrk \u00c7PAL Pansiyon Bina Y\u0131k\u0131m\u0131&#8221;][\/vc_column][\/vc_row][vc_row full_width=&#8221;stretch_row&#8221; ppadding=&#8221;vc_row-padding-bottom&#8221; gradient_colors=&#8221;%5B%7B%7D%5D&#8221; kswr_row_top_decor_enabled=&#8221;false&#8221; kswr_row_bottom_decor_enabled=&#8221;false&#8221;][vc_column width=&#8221;1\/2&#8243;][vc_gallery interval=&#8221;15&#8243; images=&#8221;18213,18212,18211,18214&#8243; img_size=&#8221;600&#8243; title=&#8221;Yozgat Mehmet Akif Ersoy \u0130lk\u00f6\u011fretim Okul Y\u0131k\u0131m\u0131&#8221;][\/vc_column][vc_column width=&#8221;1\/2&#8243;][vc_gallery interval=&#8221;15&#8243; images=&#8221;18217,18218,18219,18220&#8243; img_size=&#8221;600&#8243; title=&#8221;\u015eefaatli Hastane Lojman Bina Y\u0131k\u0131m\u0131&#8221;][\/vc_column][\/vc_row][vc_row full_width=&#8221;stretch_row&#8221; ppadding=&#8221;vc_row-padding-bottom&#8221; gradient_colors=&#8221;%5B%7B%7D%5D&#8221; kswr_row_top_decor_enabled=&#8221;false&#8221; kswr_row_bottom_decor_enabled=&#8221;false&#8221;][vc_column width=&#8221;1\/2&#8243;][vc_gallery interval=&#8221;15&#8243; images=&#8221;18153,18154,18155&#8243; img_size=&#8221;600&#8243; title=&#8221;Yozgat Meslek Lisesi&#8221;]<div class=\"km-line-sep-container\" style=\"height:2px; margin-top:30px;margin-bottom:30px;margin-left:0px;margin-right:0px; text-align:center;\" data-style=\"from-center\">\n\t\t\t\t<div class=\"km-line-sep-insider\" style=\"    float: left;margin-left: 50%;transform: translateX(-50%);width:50px; height:2px; text-align:center;\">\n\t\t\t\t\t<div class=\"km-line-sep-fill\" style=\"background-color:#dddddd;\"><\/div>\n\t\t\t\t<\/div>\n\t\t\t<\/div>[vc_column_text]<\/p>\n<h4>D\u0130\u011eER REFERANS \u0130\u015eLER\u0130M\u0130Z<\/h4>\n<ul>\n<li>YASK\u0130\/YALOVA<\/li>\n<li>AKK\u00d6K HOLD\u0130NG\/ AK G\u0130R\u0130\u015e\u0130M M\u00dcTEAHH\u0130TL\u0130K<\/li>\n<li>TAV A.\u015e. HAVAL\u0130MANI \u0130\u015eLETMELER\u0130<\/li>\n<li>TAV\u015eANLI BELED\u0130YES\u0130<\/li>\n<li>TAV-SERA ORTAKLI\u011eI(ANTALYA HAVAL\u0130MANI)<\/li>\n<\/ul>\n<p>[\/vc_column_text][\/vc_column][vc_column width=&#8221;1\/2&#8243;][\/vc_column][\/vc_row]<\/p>\n<\/div>","protected":false},"excerpt":{"rendered":"<p>[vc_row][vc_column][\/vc_column][\/vc_row][vc_row full_width=&#8221;stretch_row&#8221; ppadding=&#8221;vc_row-padding-bottom&#8221; gradient_colors=&#8221;%5B%7B%7D%5D&#8221; kswr_row_top_decor_enabled=&#8221;false&#8221; kswr_row_bottom_decor_enabled=&#8221;false&#8221;][vc_column width=&#8221;1\/2&#8243;][vc_gallery interval=&#8221;15&#8243; images=&#8221;18054,18053,18052,18050,18049,18048&#8243; img_size=&#8221;600&#8243; title=&#8221;Antalya Havaliman\u0131 Y\u0131k\u0131m\u0131&#8221;][\/vc_column][vc_column width=&#8221;1\/2&#8243;][vc_gallery interval=&#8221;15&#8243; images=&#8221;18107,18108,18055,18056,18057&#8243; img_size=&#8221;600&#8243; title=&#8221;Bilecik \u0130nhisar Okul Y\u0131k\u0131m\u0131&#8221;][\/vc_column][\/vc_row][vc_row full_width=&#8221;stretch_row&#8221; ppadding=&#8221;vc_row-padding-bottom&#8221; gradient_colors=&#8221;%5B%7B%7D%5D&#8221; kswr_row_top_decor_enabled=&#8221;false&#8221; kswr_row_bottom_decor_enabled=&#8221;false&#8221;][vc_column width=&#8221;1\/2&#8243;][vc_gallery interval=&#8221;15&#8243; images=&#8221;18058,18059,18060&#8243; img_size=&#8221;600&#8243; title=&#8221;Bolu Belediyesi Y\u0131k\u0131m&#8221;][\/vc_column][vc_column width=&#8221;1\/2&#8243;][vc_gallery interval=&#8221;15&#8243; images=&#8221;18112,18113&#8243; img_size=&#8221;600&#8243; title=&#8221;Afyon Emirda\u011f Havuz Y\u0131k\u0131m\u0131&#8221;][\/vc_column][\/vc_row][vc_row full_width=&#8221;stretch_row&#8221; ppadding=&#8221;vc_row-padding-bottom&#8221; gradient_colors=&#8221;%5B%7B%7D%5D&#8221; kswr_row_top_decor_enabled=&#8221;false&#8221; kswr_row_bottom_decor_enabled=&#8221;false&#8221;][vc_column width=&#8221;1\/2&#8243;][vc_gallery interval=&#8221;15&#8243; images=&#8221;18138,18139,18140,18141,18203&#8243; img_size=&#8221;600&#8243; title=&#8221;Yozgat \u0130l \u00d6zel \u0130daresi Eski [&hellip;]<\/p>\n","protected":false},"author":5,"featured_media":0,"parent":0,"menu_order":0,"comment_status":"closed","ping_status":"closed","template":"","meta":{"footnotes":""},"class_list":["post-18032","page","type-page","status-publish","hentry"],"_links":{"self":[{"href":"https:\/\/inanogullari.com\/index.php?rest_route=\/wp\/v2\/pages\/18032","targetHints":{"allow":["GET"]}}],"collection":[{"href":"https:\/\/inanogullari.com\/index.php?rest_route=\/wp\/v2\/pages"}],"about":[{"href":"https:\/\/inanogullari.com\/index.php?rest_route=\/wp\/v2\/types\/page"}],"author":[{"embeddable":true,"href":"https:\/\/inanogullari.com\/index.php?rest_route=\/wp\/v2\/users\/5"}],"replies":[{"embeddable":true,"href":"https:\/\/inanogullari.com\/index.php?rest_route=%2Fwp%2Fv2%2Fcomments&post=18032"}],"version-history":[{"count":29,"href":"https:\/\/inanogullari.com\/index.php?rest_route=\/wp\/v2\/pages\/18032\/revisions"}],"predecessor-version":[{"id":18225,"href":"https:\/\/inanogullari.com\/index.php?rest_route=\/wp\/v2\/pages\/18032\/revisions\/18225"}],"wp:attachment":[{"href":"https:\/\/inanogullari.com\/index.php?rest_route=%2Fwp%2Fv2%2Fmedia&parent=18032"}],"curies":[{"name":"wp","href":"https:\/\/api.w.org\/{rel}","templated":true}]}}