{"id":17915,"date":"2018-03-15T18:42:47","date_gmt":"2018-03-15T18:42:47","guid":{"rendered":"http:\/\/farvis.templines.org\/building\/?page_id=17915"},"modified":"2023-04-24T18:35:21","modified_gmt":"2023-04-24T18:35:21","slug":"abou-us","status":"publish","type":"page","link":"https:\/\/inanogullari.com\/?page_id=17915","title":{"rendered":"Hakk\u0131m\u0131zda"},"content":{"rendered":"<div class=\"wpb-content-wrapper\"><p>[vc_row full_width=&#8221;stretch_row&#8221; ppadding=&#8221;vc_row-padding-bottom&#8221; gradient_colors=&#8221;%5B%7B%7D%5D&#8221; kswr_row_top_decor_enabled=&#8221;false&#8221; kswr_row_bottom_decor_enabled=&#8221;false&#8221;][vc_column width=&#8221;1\/2&#8243;]<div class=\"kswr-heading-container kswr-theelement\" style=\"text-align:center;\">\n\t\t\t\t<div class=\"kswr-heading-title kswr-shortcode-element\" data-link=\"disabled\" data-fontsettings=\"font-size:36px;\" style=\"font-size:36px; font-family:Default;font-weight:inherit; margin-top:0px;margin-bottom:0px;color:#222222;-webkit-text-fill-color:#222222;\">Hakk\u0131m\u0131zda<\/div>\n\t\t\t\t<div class=\"kswr-heading-content kswr-shortcode-element\" data-fontsettings=\"font-size:14px;\" style=\"font-size:14px; font-family:Default;font-weight:300; margin-top:0px;margin-bottom:0px;color:#666666;\">Firmam\u0131z\u0131n kurucusu olan NAF\u0130Z \u0130NAN 2000 y\u0131l\u0131nda in\u015faat sekt\u00f6r\u00fcnde \u00fcst d\u00fczey y\u00f6neticilik yaparak profesyonel i\u015f hayat\u0131na at\u0131lm\u0131\u015ft\u0131r. 2013 y\u0131l\u0131nda \u0130nan hafriyat \u015firketini kurarak prefabrik ve in\u015faat yap\u0131m sekt\u00f6r\u00fcnde kendi ismiyle devam etmi\u015ftir. 2019 y\u0131l\u0131nda Kurumsalla\u015farak \u0130NANO\u011eULLARI GRUP METAL TAAH. SAN.T\u0130C.LTD \u015eT\u0130 b\u00fcnyesinde h\u0131zla b\u00fcy\u00fcyerek \u0130N\u015eAAT, YIKIM ve GER\u0130 D\u00d6N\u00dc\u015e\u00dcM alan\u0131nda ba\u015far\u0131 sa\u011flam\u0131\u015ft\u0131r . \u00d6nceli\u011fi; Kaliteli , sistemli \u00e7al\u0131\u015fma ve m\u00fc\u015fteri memnuniyetini prensip edinerek T\u00dcRK\u0130YE geneli hizmet vermeye devam etmektedir.<\/p>\n<p>Her biri ayr\u0131 m\u00fchendislik misyonuna sahip olan ekibimiz taraf\u0131ndan, y\u0131k\u0131m m\u00fchendisli\u011fi, y\u0131k\u0131m sekt\u00f6r\u00fc ve metotlar\u0131 \u00fczerinde yenilikler geli\u015ftirilerek sekt\u00f6re \u00f6nemli katk\u0131lar sa\u011flamaktad\u0131r.<\/p>\n<p>Kuruldu\u011fumuz g\u00fcnden itibaren Onlarca Projeyi en iyi \u015fekilde kazas\u0131z ve sorunsuz bir \u015fekilde tamamlam\u0131\u015f olman\u0131n hakl\u0131 gururu ile \u00e7al\u0131\u015fmalar\u0131m\u0131z\u0131 uzman kadromuz, teknik ekibimiz ve g\u00fc\u00e7l\u00fc makine park\u0131m\u0131z\u0131 ile devam etmekteyiz<\/div>\t\t\t\t\n\t\t\t<\/div><div class=\"km-line-sep-container\" style=\"height:2px; margin-top:30px;margin-bottom:30px;margin-left:0px;margin-right:0px; text-align:center;\" data-style=\"from-center\">\n\t\t\t\t<div class=\"km-line-sep-insider\" style=\"    float: left;margin-left: 50%;transform: translateX(-50%);width:50px; height:2px; text-align:center;\">\n\t\t\t\t\t<div class=\"km-line-sep-fill\" style=\"background-color:#dddddd;\"><\/div>\n\t\t\t\t<\/div>\n\t\t\t<\/div>[\/vc_column][vc_column width=&#8221;1\/2&#8243;][vc_single_image image=&#8221;18013&#8243; img_size=&#8221;large&#8221; style=&#8221;vc_box_rounded&#8221;][\/vc_column][\/vc_row][vc_row full_width=&#8221;stretch_row&#8221; ppadding=&#8221;vc_row-padding-bottom&#8221; gradient_colors=&#8221;%5B%7B%7D%5D&#8221; kswr_row_top_decor_enabled=&#8221;false&#8221; kswr_row_bottom_decor_enabled=&#8221;false&#8221;][vc_column width=&#8221;1\/2&#8243;][vc_single_image image=&#8221;17897&#8243; img_size=&#8221;large&#8221;]<div class=\"km-line-sep-container\" style=\"height:2px; margin-top:30px;margin-bottom:30px;margin-left:0px;margin-right:0px; text-align:center;\" data-style=\"from-center\">\n\t\t\t\t<div class=\"km-line-sep-insider\" style=\"    float: left;margin-left: 50%;transform: translateX(-50%);width:50px; height:2px; text-align:center;\">\n\t\t\t\t\t<div class=\"km-line-sep-fill\" style=\"background-color:#dddddd;\"><\/div>\n\t\t\t\t<\/div>\n\t\t\t<\/div>[\/vc_column][vc_column width=&#8221;1\/2&#8243;]<div class=\"kswr-heading-container kswr-theelement\" style=\"text-align:center;\">\n\t\t\t\t<div class=\"kswr-heading-title kswr-shortcode-element\" data-link=\"disabled\" data-fontsettings=\"font-size:36px;\" style=\"font-size:36px; font-family:Inherit;font-weight:inherit; margin-top:0px;margin-bottom:0px;color:#333;-webkit-text-fill-color:#333;\">Misyon ve Vizyon<\/div>\n\t\t\t\t<div class=\"kswr-heading-content kswr-shortcode-element\" data-fontsettings=\"font-size:14px;\" style=\"font-size:14px; font-family:Inherit;font-weight:inherit; margin-top:0px;margin-bottom:0px;color:#333333;\">G\u00fcvenli, y\u00fcksek kaliteli ve m\u00fc\u015fteri memnuniyeti kendimize ilke edinerek sekt\u00f6r\u00fcn en lider markalar\u0131ndan biri olabilmek i\u00e7in yola \u00e7\u0131kt\u0131k. Geri d\u00f6n\u00fc\u015f\u00fcme katk\u0131 sa\u011flayarak, \u00e7evre kirlili\u011fine fark\u0131ndal\u0131k yaratt\u0131k. Eski yap\u0131 bina, apartmanlar\u0131 kentsel d\u00f6n\u00fc\u015f\u00fcme katk\u0131 sa\u011flamak amac\u0131 ile ekonomik bir fiyat politikas\u0131 ile \u00fclkemizin istihdam\u0131na katk\u0131 sa\u011flamay\u0131 kendimize ilke edindik. T\u00fcrkiye genelinde hizmet veren Geri d\u00f6n\u00fc\u015f\u00fcm, y\u0131k\u0131m ve s\u00f6k\u00fcm firmalar\u0131nda lider ve yenilik\u00e7i olmak.<\/div>\t\t\t\t\n\t\t\t<\/div>[\/vc_column][\/vc_row]<\/p>\n<\/div>","protected":false},"excerpt":{"rendered":"<p>[vc_row full_width=&#8221;stretch_row&#8221; ppadding=&#8221;vc_row-padding-bottom&#8221; gradient_colors=&#8221;%5B%7B%7D%5D&#8221; kswr_row_top_decor_enabled=&#8221;false&#8221; kswr_row_bottom_decor_enabled=&#8221;false&#8221;][vc_column width=&#8221;1\/2&#8243;][\/vc_column][vc_column width=&#8221;1\/2&#8243;][vc_single_image image=&#8221;18013&#8243; img_size=&#8221;large&#8221; style=&#8221;vc_box_rounded&#8221;][\/vc_column][\/vc_row][vc_row full_width=&#8221;stretch_row&#8221; ppadding=&#8221;vc_row-padding-bottom&#8221; gradient_colors=&#8221;%5B%7B%7D%5D&#8221; kswr_row_top_decor_enabled=&#8221;false&#8221; kswr_row_bottom_decor_enabled=&#8221;false&#8221;][vc_column width=&#8221;1\/2&#8243;][vc_single_image image=&#8221;17897&#8243; img_size=&#8221;large&#8221;][\/vc_column][vc_column width=&#8221;1\/2&#8243;][\/vc_column][\/vc_row]<\/p>\n","protected":false},"author":5,"featured_media":0,"parent":0,"menu_order":0,"comment_status":"closed","ping_status":"closed","template":"","meta":{"footnotes":""},"class_list":["post-17915","page","type-page","status-publish","hentry"],"_links":{"self":[{"href":"https:\/\/inanogullari.com\/index.php?rest_route=\/wp\/v2\/pages\/17915","targetHints":{"allow":["GET"]}}],"collection":[{"href":"https:\/\/inanogullari.com\/index.php?rest_route=\/wp\/v2\/pages"}],"about":[{"href":"https:\/\/inanogullari.com\/index.php?rest_route=\/wp\/v2\/types\/page"}],"author":[{"embeddable":true,"href":"https:\/\/inanogullari.com\/index.php?rest_route=\/wp\/v2\/users\/5"}],"replies":[{"embeddable":true,"href":"https:\/\/inanogullari.com\/index.php?rest_route=%2Fwp%2Fv2%2Fcomments&post=17915"}],"version-history":[{"count":8,"href":"https:\/\/inanogullari.com\/index.php?rest_route=\/wp\/v2\/pages\/17915\/revisions"}],"predecessor-version":[{"id":18235,"href":"https:\/\/inanogullari.com\/index.php?rest_route=\/wp\/v2\/pages\/17915\/revisions\/18235"}],"wp:attachment":[{"href":"https:\/\/inanogullari.com\/index.php?rest_route=%2Fwp%2Fv2%2Fmedia&parent=17915"}],"curies":[{"name":"wp","href":"https:\/\/api.w.org\/{rel}","templated":true}]}}